{"id":15609,"date":"2025-07-05T11:09:19","date_gmt":"2025-07-05T09:09:19","guid":{"rendered":"https:\/\/astrofotografiaycafe.com\/?page_id=15609"},"modified":"2025-07-05T11:45:46","modified_gmt":"2025-07-05T09:45:46","slug":"cursos","status":"publish","type":"page","link":"https:\/\/astrofotografiaycafe.com\/en\/cursos\/","title":{"rendered":"Courses"},"content":{"rendered":"<div class=\"xs_social_share_widget xs_share_url after_content \t\tmain_content  wslu-style-1 wslu-share-box-shaped wslu-fill-colored wslu-none wslu-share-horizontal wslu-theme-font-no wslu-main_content\">\n\n\t\t\n        <ul>\n\t\t\t        <\/ul>\n    <\/div>","protected":false},"excerpt":{"rendered":"","protected":false},"author":1,"featured_media":6621,"parent":0,"menu_order":0,"comment_status":"closed","ping_status":"closed","template":"","meta":{"_seopress_robots_primary_cat":"","_seopress_titles_title":"Cursos %%sep%% %%sitetitle%%","_seopress_titles_desc":"Curso de astrofotograf\u00eda online en espa\u00f1ol. Aprende desde cero y a tu ritmo. Elige entre opciones completas o m\u00f3dulos individuales y espec\u00edficos.","_seopress_robots_index":"","_monsterinsights_skip_tracking":false,"_monsterinsights_sitenote_active":false,"_monsterinsights_sitenote_note":"","_monsterinsights_sitenote_category":0,"footnotes":""},"class_list":["post-15609","page","type-page","status-publish","has-post-thumbnail","hentry"],"_links":{"self":[{"href":"https:\/\/astrofotografiaycafe.com\/en\/wp-json\/wp\/v2\/pages\/15609","targetHints":{"allow":["GET"]}}],"collection":[{"href":"https:\/\/astrofotografiaycafe.com\/en\/wp-json\/wp\/v2\/pages"}],"about":[{"href":"https:\/\/astrofotografiaycafe.com\/en\/wp-json\/wp\/v2\/types\/page"}],"author":[{"embeddable":true,"href":"https:\/\/astrofotografiaycafe.com\/en\/wp-json\/wp\/v2\/users\/1"}],"replies":[{"embeddable":true,"href":"https:\/\/astrofotografiaycafe.com\/en\/wp-json\/wp\/v2\/comments?post=15609"}],"version-history":[{"count":1,"href":"https:\/\/astrofotografiaycafe.com\/en\/wp-json\/wp\/v2\/pages\/15609\/revisions"}],"predecessor-version":[{"id":15612,"href":"https:\/\/astrofotografiaycafe.com\/en\/wp-json\/wp\/v2\/pages\/15609\/revisions\/15612"}],"wp:featuredmedia":[{"embeddable":true,"href":"https:\/\/astrofotografiaycafe.com\/en\/wp-json\/wp\/v2\/media\/6621"}],"wp:attachment":[{"href":"https:\/\/astrofotografiaycafe.com\/en\/wp-json\/wp\/v2\/media?parent=15609"}],"curies":[{"name":"wp","href":"https:\/\/api.w.org\/{rel}","templated":true}]}}