{"id":15630,"date":"2025-07-05T11:43:29","date_gmt":"2025-07-05T09:43:29","guid":{"rendered":"https:\/\/astrofotografiaycafe.com\/?page_id=15630"},"modified":"2025-07-05T11:53:05","modified_gmt":"2025-07-05T09:53:05","slug":"formacion-vip","status":"publish","type":"page","link":"https:\/\/astrofotografiaycafe.com\/en\/cursos\/formacion-vip\/","title":{"rendered":"Formaci\u00f3n VIP"},"content":{"rendered":"<div class=\"xs_social_share_widget xs_share_url after_content \t\tmain_content  wslu-style-1 wslu-share-box-shaped wslu-fill-colored wslu-none wslu-share-horizontal wslu-theme-font-no wslu-main_content\">\n\n\t\t\n        <ul>\n\t\t\t        <\/ul>\n    <\/div>","protected":false},"excerpt":{"rendered":"","protected":false},"author":1,"featured_media":0,"parent":15609,"menu_order":0,"comment_status":"closed","ping_status":"closed","template":"","meta":{"_seopress_robots_primary_cat":"","_seopress_titles_title":"%%post_title%% %%sep%% %%sitetitle%%","_seopress_titles_desc":"Curso completo de astrofotograf\u00eda: teor\u00eda, planificaci\u00f3n, pr\u00e1ctica, edici\u00f3n, panoramas, apilados, timelapses y clases individuales, caf\u00e9 y m\u00e1s.","_seopress_robots_index":"","_monsterinsights_skip_tracking":false,"_monsterinsights_sitenote_active":false,"_monsterinsights_sitenote_note":"","_monsterinsights_sitenote_category":0,"footnotes":""},"class_list":["post-15630","page","type-page","status-publish","hentry"],"_links":{"self":[{"href":"https:\/\/astrofotografiaycafe.com\/en\/wp-json\/wp\/v2\/pages\/15630","targetHints":{"allow":["GET"]}}],"collection":[{"href":"https:\/\/astrofotografiaycafe.com\/en\/wp-json\/wp\/v2\/pages"}],"about":[{"href":"https:\/\/astrofotografiaycafe.com\/en\/wp-json\/wp\/v2\/types\/page"}],"author":[{"embeddable":true,"href":"https:\/\/astrofotografiaycafe.com\/en\/wp-json\/wp\/v2\/users\/1"}],"replies":[{"embeddable":true,"href":"https:\/\/astrofotografiaycafe.com\/en\/wp-json\/wp\/v2\/comments?post=15630"}],"version-history":[{"count":1,"href":"https:\/\/astrofotografiaycafe.com\/en\/wp-json\/wp\/v2\/pages\/15630\/revisions"}],"predecessor-version":[{"id":15635,"href":"https:\/\/astrofotografiaycafe.com\/en\/wp-json\/wp\/v2\/pages\/15630\/revisions\/15635"}],"up":[{"embeddable":true,"href":"https:\/\/astrofotografiaycafe.com\/en\/wp-json\/wp\/v2\/pages\/15609"}],"wp:attachment":[{"href":"https:\/\/astrofotografiaycafe.com\/en\/wp-json\/wp\/v2\/media?parent=15630"}],"curies":[{"name":"wp","href":"https:\/\/api.w.org\/{rel}","templated":true}]}}