{"id":15643,"date":"2025-07-05T11:51:44","date_gmt":"2025-07-05T09:51:44","guid":{"rendered":"https:\/\/astrofotografiaycafe.com\/?page_id=15643"},"modified":"2025-07-05T11:53:46","modified_gmt":"2025-07-05T09:53:46","slug":"curso-base","status":"publish","type":"page","link":"https:\/\/astrofotografiaycafe.com\/en\/cursos\/curso-base\/","title":{"rendered":"Curso Base"},"content":{"rendered":"<div class=\"xs_social_share_widget xs_share_url after_content \t\tmain_content  wslu-style-1 wslu-share-box-shaped wslu-fill-colored wslu-none wslu-share-horizontal wslu-theme-font-no wslu-main_content\">\n\n\t\t\n        <ul>\n\t\t\t        <\/ul>\n    <\/div>","protected":false},"excerpt":{"rendered":"","protected":false},"author":1,"featured_media":15476,"parent":15609,"menu_order":0,"comment_status":"closed","ping_status":"closed","template":"","meta":{"_seopress_robots_primary_cat":"","_seopress_titles_title":"","_seopress_titles_desc":"Aprende astrofotograf\u00eda desde cero con este curso online: historia, teor\u00eda, planificaci\u00f3n, toma y edici\u00f3n de fotos nocturnas. Ideal para principiantes.","_seopress_robots_index":"","_monsterinsights_skip_tracking":false,"_monsterinsights_sitenote_active":false,"_monsterinsights_sitenote_note":"","_monsterinsights_sitenote_category":0,"footnotes":""},"class_list":["post-15643","page","type-page","status-publish","has-post-thumbnail","hentry"],"_links":{"self":[{"href":"https:\/\/astrofotografiaycafe.com\/en\/wp-json\/wp\/v2\/pages\/15643","targetHints":{"allow":["GET"]}}],"collection":[{"href":"https:\/\/astrofotografiaycafe.com\/en\/wp-json\/wp\/v2\/pages"}],"about":[{"href":"https:\/\/astrofotografiaycafe.com\/en\/wp-json\/wp\/v2\/types\/page"}],"author":[{"embeddable":true,"href":"https:\/\/astrofotografiaycafe.com\/en\/wp-json\/wp\/v2\/users\/1"}],"replies":[{"embeddable":true,"href":"https:\/\/astrofotografiaycafe.com\/en\/wp-json\/wp\/v2\/comments?post=15643"}],"version-history":[{"count":2,"href":"https:\/\/astrofotografiaycafe.com\/en\/wp-json\/wp\/v2\/pages\/15643\/revisions"}],"predecessor-version":[{"id":15648,"href":"https:\/\/astrofotografiaycafe.com\/en\/wp-json\/wp\/v2\/pages\/15643\/revisions\/15648"}],"up":[{"embeddable":true,"href":"https:\/\/astrofotografiaycafe.com\/en\/wp-json\/wp\/v2\/pages\/15609"}],"wp:featuredmedia":[{"embeddable":true,"href":"https:\/\/astrofotografiaycafe.com\/en\/wp-json\/wp\/v2\/media\/15476"}],"wp:attachment":[{"href":"https:\/\/astrofotografiaycafe.com\/en\/wp-json\/wp\/v2\/media?parent=15643"}],"curies":[{"name":"wp","href":"https:\/\/api.w.org\/{rel}","templated":true}]}}