{"id":15649,"date":"2025-07-05T11:56:36","date_gmt":"2025-07-05T09:56:36","guid":{"rendered":"https:\/\/astrofotografiaycafe.com\/?page_id=15649"},"modified":"2025-07-05T11:56:38","modified_gmt":"2025-07-05T09:56:38","slug":"clase-individual","status":"publish","type":"page","link":"https:\/\/astrofotografiaycafe.com\/en\/cursos\/clase-individual\/","title":{"rendered":"Clase Individual"},"content":{"rendered":"<div class=\"xs_social_share_widget xs_share_url after_content \t\tmain_content  wslu-style-1 wslu-share-box-shaped wslu-fill-colored wslu-none wslu-share-horizontal wslu-theme-font-no wslu-main_content\">\n\n\t\t\n        <ul>\n\t\t\t        <\/ul>\n    <\/div>","protected":false},"excerpt":{"rendered":"","protected":false},"author":1,"featured_media":0,"parent":15609,"menu_order":0,"comment_status":"closed","ping_status":"closed","template":"","meta":{"_seopress_robots_primary_cat":"","_seopress_titles_title":"","_seopress_titles_desc":"Clases personalizadas para resolver dudas sobre astrofotograf\u00eda, equipo, edici\u00f3n o planificaci\u00f3n. Una hora y media a tu medida, 100% online.","_seopress_robots_index":"","_monsterinsights_skip_tracking":false,"_monsterinsights_sitenote_active":false,"_monsterinsights_sitenote_note":"","_monsterinsights_sitenote_category":0,"footnotes":""},"class_list":["post-15649","page","type-page","status-publish","hentry"],"_links":{"self":[{"href":"https:\/\/astrofotografiaycafe.com\/en\/wp-json\/wp\/v2\/pages\/15649","targetHints":{"allow":["GET"]}}],"collection":[{"href":"https:\/\/astrofotografiaycafe.com\/en\/wp-json\/wp\/v2\/pages"}],"about":[{"href":"https:\/\/astrofotografiaycafe.com\/en\/wp-json\/wp\/v2\/types\/page"}],"author":[{"embeddable":true,"href":"https:\/\/astrofotografiaycafe.com\/en\/wp-json\/wp\/v2\/users\/1"}],"replies":[{"embeddable":true,"href":"https:\/\/astrofotografiaycafe.com\/en\/wp-json\/wp\/v2\/comments?post=15649"}],"version-history":[{"count":1,"href":"https:\/\/astrofotografiaycafe.com\/en\/wp-json\/wp\/v2\/pages\/15649\/revisions"}],"predecessor-version":[{"id":15653,"href":"https:\/\/astrofotografiaycafe.com\/en\/wp-json\/wp\/v2\/pages\/15649\/revisions\/15653"}],"up":[{"embeddable":true,"href":"https:\/\/astrofotografiaycafe.com\/en\/wp-json\/wp\/v2\/pages\/15609"}],"wp:attachment":[{"href":"https:\/\/astrofotografiaycafe.com\/en\/wp-json\/wp\/v2\/media?parent=15649"}],"curies":[{"name":"wp","href":"https:\/\/api.w.org\/{rel}","templated":true}]}}