{"id":15654,"date":"2025-07-05T11:59:19","date_gmt":"2025-07-05T09:59:19","guid":{"rendered":"https:\/\/astrofotografiaycafe.com\/?page_id=15654"},"modified":"2025-07-05T12:01:04","modified_gmt":"2025-07-05T10:01:04","slug":"apilados-timelapses-panoramas","status":"publish","type":"page","link":"https:\/\/astrofotografiaycafe.com\/en\/cursos\/apilados-timelapses-panoramas\/","title":{"rendered":"Curso Apilados, Timelapses y Panoramas"},"content":{"rendered":"<div class=\"xs_social_share_widget xs_share_url after_content \t\tmain_content  wslu-style-1 wslu-share-box-shaped wslu-fill-colored wslu-none wslu-share-horizontal wslu-theme-font-no wslu-main_content\">\n\n\t\t\n        <ul>\n\t\t\t        <\/ul>\n    <\/div>","protected":false},"excerpt":{"rendered":"","protected":false},"author":1,"featured_media":0,"parent":15609,"menu_order":0,"comment_status":"closed","ping_status":"closed","template":"","meta":{"_seopress_robots_primary_cat":"","_seopress_titles_title":"%%post_title%% %%sep%% %%sitetitle%%","_seopress_titles_desc":"Aprende t\u00e9cnicas avanzadas de astrofotograf\u00eda: apilado de im\u00e1genes, creaci\u00f3n de timelapses y panoramas nocturnos paso a paso.","_seopress_robots_index":"","_monsterinsights_skip_tracking":false,"_monsterinsights_sitenote_active":false,"_monsterinsights_sitenote_note":"","_monsterinsights_sitenote_category":0,"footnotes":""},"class_list":["post-15654","page","type-page","status-publish","hentry"],"_links":{"self":[{"href":"https:\/\/astrofotografiaycafe.com\/en\/wp-json\/wp\/v2\/pages\/15654","targetHints":{"allow":["GET"]}}],"collection":[{"href":"https:\/\/astrofotografiaycafe.com\/en\/wp-json\/wp\/v2\/pages"}],"about":[{"href":"https:\/\/astrofotografiaycafe.com\/en\/wp-json\/wp\/v2\/types\/page"}],"author":[{"embeddable":true,"href":"https:\/\/astrofotografiaycafe.com\/en\/wp-json\/wp\/v2\/users\/1"}],"replies":[{"embeddable":true,"href":"https:\/\/astrofotografiaycafe.com\/en\/wp-json\/wp\/v2\/comments?post=15654"}],"version-history":[{"count":1,"href":"https:\/\/astrofotografiaycafe.com\/en\/wp-json\/wp\/v2\/pages\/15654\/revisions"}],"predecessor-version":[{"id":15657,"href":"https:\/\/astrofotografiaycafe.com\/en\/wp-json\/wp\/v2\/pages\/15654\/revisions\/15657"}],"up":[{"embeddable":true,"href":"https:\/\/astrofotografiaycafe.com\/en\/wp-json\/wp\/v2\/pages\/15609"}],"wp:attachment":[{"href":"https:\/\/astrofotografiaycafe.com\/en\/wp-json\/wp\/v2\/media?parent=15654"}],"curies":[{"name":"wp","href":"https:\/\/api.w.org\/{rel}","templated":true}]}}