{"id":6718,"date":"2025-03-19T21:03:09","date_gmt":"2025-03-19T20:03:09","guid":{"rendered":"https:\/\/astrofotografiaycafe.com\/?page_id=6718"},"modified":"2025-09-12T20:33:10","modified_gmt":"2025-09-12T18:33:10","slug":"blog-de-astrofotografia","status":"publish","type":"page","link":"https:\/\/astrofotografiaycafe.com\/en\/blog-de-astrofotografia\/","title":{"rendered":"Blog de Astrofotograf\u00eda"},"content":{"rendered":"<div data-elementor-type=\"wp-page\" data-elementor-id=\"6718\" class=\"elementor elementor-6718\" data-elementor-post-type=\"page\">\n\t\t\t\t<div class=\"elementor-element elementor-element-78730a6 e-flex e-con-boxed e-con e-parent\" data-id=\"78730a6\" data-element_type=\"container\" data-e-type=\"container\" data-settings=\"{&quot;background_background&quot;:&quot;classic&quot;}\">\n\t\t\t\t\t<div class=\"e-con-inner\">\n\t\t\t\t<div class=\"elementor-element elementor-element-15a5d1b elementor-widget elementor-widget-heading\" data-id=\"15a5d1b\" data-element_type=\"widget\" data-e-type=\"widget\" data-widget_type=\"heading.default\">\n\t\t\t\t<div class=\"elementor-widget-container\">\n\t\t\t\t\t<h1 class=\"elementor-heading-title elementor-size-default\">Blog de Astrofotograf\u00eda<\/h1>\t\t\t\t<\/div>\n\t\t\t\t<\/div>\n\t\t\t\t\t<\/div>\n\t\t\t\t<\/div>\n\t\t<div class=\"elementor-element elementor-element-5ea8a72 e-flex e-con-boxed e-con e-parent\" data-id=\"5ea8a72\" data-element_type=\"container\" data-e-type=\"container\">\n\t\t\t\t\t<div class=\"e-con-inner\">\n\t\t\t\t<div class=\"elementor-element elementor-element-5303d14 elementor-grid-3 elementor-grid-tablet-2 elementor-grid-mobile-1 elementor-posts--thumbnail-top elementor-widget elementor-widget-posts\" data-id=\"5303d14\" data-element_type=\"widget\" data-e-type=\"widget\" data-settings=\"{&quot;classic_columns&quot;:&quot;3&quot;,&quot;classic_columns_tablet&quot;:&quot;2&quot;,&quot;classic_columns_mobile&quot;:&quot;1&quot;,&quot;classic_row_gap&quot;:{&quot;unit&quot;:&quot;px&quot;,&quot;size&quot;:35,&quot;sizes&quot;:[]},&quot;classic_row_gap_tablet&quot;:{&quot;unit&quot;:&quot;px&quot;,&quot;size&quot;:&quot;&quot;,&quot;sizes&quot;:[]},&quot;classic_row_gap_mobile&quot;:{&quot;unit&quot;:&quot;px&quot;,&quot;size&quot;:&quot;&quot;,&quot;sizes&quot;:[]}}\" data-widget_type=\"posts.classic\">\n\t\t\t\t<div class=\"elementor-widget-container\">\n\t\t\t\t\t\t\t<div class=\"elementor-posts-container elementor-posts elementor-posts--skin-classic elementor-grid\" role=\"list\">\n\t\t\t\t<article class=\"elementor-post elementor-grid-item post-17482 post type-post status-publish format-standard has-post-thumbnail hentry category-blog\" role=\"listitem\">\n\t\t\t\t<a class=\"elementor-post__thumbnail__link\" href=\"https:\/\/astrofotografiaycafe.com\/en\/astrofotografia-cafe-la-foto\/\" tabindex=\"-1\" >\n\t\t\t<div class=\"elementor-post__thumbnail\"><img decoding=\"async\" width=\"300\" height=\"103\" src=\"https:\/\/astrofotografiaycafe.com\/wp-content\/uploads\/2025\/07\/Astrofotografia-y-Cafe-PNG-Ps-Edit-small-300x103.png\" class=\"attachment-medium size-medium wp-image-17497\" alt=\"milky way\" srcset=\"https:\/\/astrofotografiaycafe.com\/wp-content\/uploads\/2025\/07\/Astrofotografia-y-Cafe-PNG-Ps-Edit-small-300x103.png 300w, https:\/\/astrofotografiaycafe.com\/wp-content\/uploads\/2025\/07\/Astrofotografia-y-Cafe-PNG-Ps-Edit-small-1024x350.png 1024w, https:\/\/astrofotografiaycafe.com\/wp-content\/uploads\/2025\/07\/Astrofotografia-y-Cafe-PNG-Ps-Edit-small-768x262.png 768w, https:\/\/astrofotografiaycafe.com\/wp-content\/uploads\/2025\/07\/Astrofotografia-y-Cafe-PNG-Ps-Edit-small-1536x525.png 1536w, https:\/\/astrofotografiaycafe.com\/wp-content\/uploads\/2025\/07\/Astrofotografia-y-Cafe-PNG-Ps-Edit-small-400x137.png 400w, https:\/\/astrofotografiaycafe.com\/wp-content\/uploads\/2025\/07\/Astrofotografia-y-Cafe-PNG-Ps-Edit-small.png 1920w\" sizes=\"(max-width: 300px) 100vw, 300px\" \/><\/div>\n\t\t<\/a>\n\t\t\t\t<div class=\"elementor-post__text\">\n\t\t\t\t<h2 class=\"elementor-post__title\">\n\t\t\t<a href=\"https:\/\/astrofotografiaycafe.com\/en\/astrofotografia-cafe-la-foto\/\" >\n\t\t\t\tAstrophotography &amp; Coffee: photo\t\t\t<\/a>\n\t\t<\/h2>\n\t\t\t\t<div class=\"elementor-post__meta-data\">\n\t\t\t\t\t<span class=\"elementor-post-date\">\n\t\t\t29 July, 2025\t\t<\/span>\n\t\t\t\t<\/div>\n\t\t\t\t<div class=\"elementor-post__excerpt\">\n\t\t\t<p>Over 3200 hours of planning and 1 liter of coffee to join the 2 parts of the sky impossible<\/p>\n\t\t<\/div>\n\t\t\n\t\t<a class=\"elementor-post__read-more\" href=\"https:\/\/astrofotografiaycafe.com\/en\/astrofotografia-cafe-la-foto\/\" aria-label=\"Read more about Astrofotograf\u00eda &#038; Caf\u00e9: La foto\" tabindex=\"-1\" >\n\t\t\tLeer m\u00e1s \u00bb\t\t<\/a>\n\n\t\t\t\t<\/div>\n\t\t\t\t<\/article>\n\t\t\t\t<article class=\"elementor-post elementor-grid-item post-17112 post type-post status-publish format-standard has-post-thumbnail hentry category-blog\" role=\"listitem\">\n\t\t\t\t<a class=\"elementor-post__thumbnail__link\" href=\"https:\/\/astrofotografiaycafe.com\/en\/trekking-astrofotografico-con-cafe\/\" tabindex=\"-1\" >\n\t\t\t<div class=\"elementor-post__thumbnail\"><img fetchpriority=\"high\" decoding=\"async\" width=\"300\" height=\"200\" src=\"https:\/\/astrofotografiaycafe.com\/wp-content\/uploads\/2025\/07\/DSC06056-300x200.jpg\" class=\"attachment-medium size-medium wp-image-17205\" alt=\"Trekking notturno Crissolo\" srcset=\"https:\/\/astrofotografiaycafe.com\/wp-content\/uploads\/2025\/07\/DSC06056-300x200.jpg 300w, https:\/\/astrofotografiaycafe.com\/wp-content\/uploads\/2025\/07\/DSC06056-1024x683.jpg 1024w, https:\/\/astrofotografiaycafe.com\/wp-content\/uploads\/2025\/07\/DSC06056-768x512.jpg 768w, https:\/\/astrofotografiaycafe.com\/wp-content\/uploads\/2025\/07\/DSC06056-1536x1024.jpg 1536w, https:\/\/astrofotografiaycafe.com\/wp-content\/uploads\/2025\/07\/DSC06056-400x267.jpg 400w, https:\/\/astrofotografiaycafe.com\/wp-content\/uploads\/2025\/07\/DSC06056.jpg 1920w\" sizes=\"(max-width: 300px) 100vw, 300px\" \/><\/div>\n\t\t<\/a>\n\t\t\t\t<div class=\"elementor-post__text\">\n\t\t\t\t<h2 class=\"elementor-post__title\">\n\t\t\t<a href=\"https:\/\/astrofotografiaycafe.com\/en\/trekking-astrofotografico-con-cafe\/\" >\n\t\t\t\tTrekking Astrofotogr\u00e1fico with coffee\t\t\t<\/a>\n\t\t<\/h2>\n\t\t\t\t<div class=\"elementor-post__meta-data\">\n\t\t\t\t\t<span class=\"elementor-post-date\">\n\t\t\t23 July, 2025\t\t<\/span>\n\t\t\t\t<\/div>\n\t\t\t\t<div class=\"elementor-post__excerpt\">\n\t\t\t<p>We combine the best of heaven with a cup of coffee in one night so but so different that, possibly, you don't want to never finish more.<\/p>\n\t\t<\/div>\n\t\t\n\t\t<a class=\"elementor-post__read-more\" href=\"https:\/\/astrofotografiaycafe.com\/en\/trekking-astrofotografico-con-cafe\/\" aria-label=\"Read more about Trekking Astrofotogr\u00e1fico con caf\u00e9\" tabindex=\"-1\" >\n\t\t\tLeer m\u00e1s \u00bb\t\t<\/a>\n\n\t\t\t\t<\/div>\n\t\t\t\t<\/article>\n\t\t\t\t<article class=\"elementor-post elementor-grid-item post-11828 post type-post status-publish format-standard has-post-thumbnail hentry category-blog\" role=\"listitem\">\n\t\t\t\t<a class=\"elementor-post__thumbnail__link\" href=\"https:\/\/astrofotografiaycafe.com\/en\/5-errores-comunes-al-hacer-astrofotografia\/\" tabindex=\"-1\" >\n\t\t\t<div class=\"elementor-post__thumbnail\"><img decoding=\"async\" width=\"300\" height=\"176\" src=\"https:\/\/astrofotografiaycafe.com\/wp-content\/uploads\/2025\/05\/5-errores-comun-FD1-e1747912314806-300x176.png\" class=\"attachment-medium size-medium wp-image-11832\" alt=\"5 Errores comunes al hacer astrofotograf\u00eda (y c\u00f3mo evitarlos)\" srcset=\"https:\/\/astrofotografiaycafe.com\/wp-content\/uploads\/2025\/05\/5-errores-comun-FD1-e1747912314806-300x176.png 300w, https:\/\/astrofotografiaycafe.com\/wp-content\/uploads\/2025\/05\/5-errores-comun-FD1-e1747912314806-1024x599.png 1024w, https:\/\/astrofotografiaycafe.com\/wp-content\/uploads\/2025\/05\/5-errores-comun-FD1-e1747912314806-768x449.png 768w, https:\/\/astrofotografiaycafe.com\/wp-content\/uploads\/2025\/05\/5-errores-comun-FD1-e1747912314806-400x234.png 400w, https:\/\/astrofotografiaycafe.com\/wp-content\/uploads\/2025\/05\/5-errores-comun-FD1-e1747912314806.png 1080w\" sizes=\"(max-width: 300px) 100vw, 300px\" \/><\/div>\n\t\t<\/a>\n\t\t\t\t<div class=\"elementor-post__text\">\n\t\t\t\t<h2 class=\"elementor-post__title\">\n\t\t\t<a href=\"https:\/\/astrofotografiaycafe.com\/en\/5-errores-comunes-al-hacer-astrofotografia\/\" >\n\t\t\t\t5 common Mistakes when doing astrophotography\t\t\t<\/a>\n\t\t<\/h2>\n\t\t\t\t<div class=\"elementor-post__meta-data\">\n\t\t\t\t\t<span class=\"elementor-post-date\">\n\t\t\t22 May, 2025\t\t<\/span>\n\t\t\t\t<\/div>\n\t\t\t\t<div class=\"elementor-post__excerpt\">\n\t\t\t<p>Today I want to tell you what are the 5 most common mistakes when doing astrophotography, so that you can avoid them and achieve catches much more clean and appealing.<\/p>\n\t\t<\/div>\n\t\t\n\t\t<a class=\"elementor-post__read-more\" href=\"https:\/\/astrofotografiaycafe.com\/en\/5-errores-comunes-al-hacer-astrofotografia\/\" aria-label=\"Read more about 5 Errores comunes al hacer astrofotograf\u00eda\" tabindex=\"-1\" >\n\t\t\tLeer m\u00e1s \u00bb\t\t<\/a>\n\n\t\t\t\t<\/div>\n\t\t\t\t<\/article>\n\t\t\t\t<article class=\"elementor-post elementor-grid-item post-6871 post type-post status-publish format-standard has-post-thumbnail hentry category-blog\" role=\"listitem\">\n\t\t\t\t<a class=\"elementor-post__thumbnail__link\" href=\"https:\/\/astrofotografiaycafe.com\/en\/astrofotografia-sin-romper-el-chanchito-menos-de-200e\/\" tabindex=\"-1\" >\n\t\t\t<div class=\"elementor-post__thumbnail\"><img loading=\"lazy\" decoding=\"async\" width=\"300\" height=\"169\" src=\"https:\/\/astrofotografiaycafe.com\/wp-content\/uploads\/2025\/04\/lkhigiuo-300x169.jpg\" class=\"attachment-medium size-medium wp-image-6875\" alt=\"Astrofotograf\u00eda por menos de 200\u20ac!\" srcset=\"https:\/\/astrofotografiaycafe.com\/wp-content\/uploads\/2025\/04\/lkhigiuo-300x169.jpg 300w, https:\/\/astrofotografiaycafe.com\/wp-content\/uploads\/2025\/04\/lkhigiuo-1024x576.jpg 1024w, https:\/\/astrofotografiaycafe.com\/wp-content\/uploads\/2025\/04\/lkhigiuo-768x432.jpg 768w, https:\/\/astrofotografiaycafe.com\/wp-content\/uploads\/2025\/04\/lkhigiuo-1536x864.jpg 1536w, https:\/\/astrofotografiaycafe.com\/wp-content\/uploads\/2025\/04\/lkhigiuo-2048x1152.jpg 2048w, https:\/\/astrofotografiaycafe.com\/wp-content\/uploads\/2025\/04\/lkhigiuo-400x225.jpg 400w, https:\/\/astrofotografiaycafe.com\/wp-content\/uploads\/2025\/04\/lkhigiuo-scaled.jpg 1920w\" sizes=\"(max-width: 300px) 100vw, 300px\" \/><\/div>\n\t\t<\/a>\n\t\t\t\t<div class=\"elementor-post__text\">\n\t\t\t\t<h2 class=\"elementor-post__title\">\n\t\t\t<a href=\"https:\/\/astrofotografiaycafe.com\/en\/astrofotografia-sin-romper-el-chanchito-menos-de-200e\/\" >\n\t\t\t\tAstrophotography without breaking the piggy: no less than\u20ac200!\t\t\t<\/a>\n\t\t<\/h2>\n\t\t\t\t<div class=\"elementor-post__meta-data\">\n\t\t\t\t\t<span class=\"elementor-post-date\">\n\t\t\t16 April, 2025\t\t<\/span>\n\t\t\t\t<\/div>\n\t\t\t\t<div class=\"elementor-post__excerpt\">\n\t\t\t<p>What is possible to achieve great results with an APS-C camera for more than 10 years and a lens of only 70\u20ac?<br \/>\nHoy comparo esta opci\u00f3n econ\u00f3mica contra una c\u00e1mara Full Frame y un lente de m\u00e1s de 1000\u20ac.<br \/>\n\u00a1Te vas a sorprender con los resultados! <\/p>\n\t\t<\/div>\n\t\t\n\t\t<a class=\"elementor-post__read-more\" href=\"https:\/\/astrofotografiaycafe.com\/en\/astrofotografia-sin-romper-el-chanchito-menos-de-200e\/\" aria-label=\"Read more about Astrofotograf\u00eda sin romper el chanchito: \u00a1menos de 200\u20ac!\" tabindex=\"-1\" >\n\t\t\tLeer m\u00e1s \u00bb\t\t<\/a>\n\n\t\t\t\t<\/div>\n\t\t\t\t<\/article>\n\t\t\t\t<article class=\"elementor-post elementor-grid-item post-6697 post type-post status-publish format-standard has-post-thumbnail hentry category-blog tag-astrofotografia tag-equipos\" role=\"listitem\">\n\t\t\t\t<a class=\"elementor-post__thumbnail__link\" href=\"https:\/\/astrofotografiaycafe.com\/en\/sin-equipos-caros-se-puede-hacer-astrofotografia\/\" tabindex=\"-1\" >\n\t\t\t<div class=\"elementor-post__thumbnail\"><img loading=\"lazy\" decoding=\"async\" width=\"300\" height=\"207\" src=\"https:\/\/astrofotografiaycafe.com\/wp-content\/uploads\/2025\/03\/2-300x207.jpg\" class=\"attachment-medium size-medium wp-image-6703\" alt=\"C\u00f3mo hacer astrofotograf\u00eda sin gastar mucho dinero\" srcset=\"https:\/\/astrofotografiaycafe.com\/wp-content\/uploads\/2025\/03\/2-300x207.jpg 300w, https:\/\/astrofotografiaycafe.com\/wp-content\/uploads\/2025\/03\/2-1024x707.jpg 1024w, https:\/\/astrofotografiaycafe.com\/wp-content\/uploads\/2025\/03\/2-768x530.jpg 768w, https:\/\/astrofotografiaycafe.com\/wp-content\/uploads\/2025\/03\/2-1536x1060.jpg 1536w, https:\/\/astrofotografiaycafe.com\/wp-content\/uploads\/2025\/03\/2-400x276.jpg 400w, https:\/\/astrofotografiaycafe.com\/wp-content\/uploads\/2025\/03\/2.jpg 1920w\" sizes=\"(max-width: 300px) 100vw, 300px\" \/><\/div>\n\t\t<\/a>\n\t\t\t\t<div class=\"elementor-post__text\">\n\t\t\t\t<h2 class=\"elementor-post__title\">\n\t\t\t<a href=\"https:\/\/astrofotografiaycafe.com\/en\/sin-equipos-caros-se-puede-hacer-astrofotografia\/\" >\n\t\t\t\tDo without expensive equipment you can do astrophotography?\t\t\t<\/a>\n\t\t<\/h2>\n\t\t\t\t<div class=\"elementor-post__meta-data\">\n\t\t\t\t\t<span class=\"elementor-post-date\">\n\t\t\t19 March, 2025\t\t<\/span>\n\t\t\t\t<\/div>\n\t\t\t\t<div class=\"elementor-post__excerpt\">\n\t\t\t<p>MYTHS that hinder your astrophotography, and how to overcome them: do Without expensive equipment not?<\/p>\n\t\t<\/div>\n\t\t\n\t\t<a class=\"elementor-post__read-more\" href=\"https:\/\/astrofotografiaycafe.com\/en\/sin-equipos-caros-se-puede-hacer-astrofotografia\/\" aria-label=\"Read more about \u00bfSin equipos caros se puede hacer astrofotograf\u00eda?\" tabindex=\"-1\" >\n\t\t\tLeer m\u00e1s \u00bb\t\t<\/a>\n\n\t\t\t\t<\/div>\n\t\t\t\t<\/article>\n\t\t\t\t<\/div>\n\t\t\n\t\t\t\t\t\t<\/div>\n\t\t\t\t<\/div>\n\t\t\t\t\t<\/div>\n\t\t\t\t<\/div>\n\t\t\t\t<\/div>\n\t\t\n    <div class=\"xs_social_share_widget xs_share_url after_content \t\tmain_content  wslu-style-1 wslu-share-box-shaped wslu-fill-colored wslu-none wslu-share-horizontal wslu-theme-font-no wslu-main_content\">\n\n\t\t\n        <ul>\n\t\t\t        <\/ul>\n    <\/div>","protected":false},"excerpt":{"rendered":"<p>Blog de astrofotograf\u00eda y caf\u00e9. \u00bfQu\u00e9 es la astrofotograf\u00eda? \u00bfNecesito equipos caros para hacer astrofotograf\u00eda? \u00bfC\u00f3mo hacer astrofotograf\u00eda?<\/p>","protected":false},"author":1,"featured_media":6534,"parent":0,"menu_order":0,"comment_status":"closed","ping_status":"closed","template":"","meta":{"_seopress_robots_primary_cat":"","_seopress_titles_title":"","_seopress_titles_desc":"","_seopress_robots_index":"","_monsterinsights_skip_tracking":false,"_monsterinsights_sitenote_active":false,"_monsterinsights_sitenote_note":"","_monsterinsights_sitenote_category":0,"footnotes":""},"class_list":["post-6718","page","type-page","status-publish","has-post-thumbnail","hentry"],"_links":{"self":[{"href":"https:\/\/astrofotografiaycafe.com\/en\/wp-json\/wp\/v2\/pages\/6718","targetHints":{"allow":["GET"]}}],"collection":[{"href":"https:\/\/astrofotografiaycafe.com\/en\/wp-json\/wp\/v2\/pages"}],"about":[{"href":"https:\/\/astrofotografiaycafe.com\/en\/wp-json\/wp\/v2\/types\/page"}],"author":[{"embeddable":true,"href":"https:\/\/astrofotografiaycafe.com\/en\/wp-json\/wp\/v2\/users\/1"}],"replies":[{"embeddable":true,"href":"https:\/\/astrofotografiaycafe.com\/en\/wp-json\/wp\/v2\/comments?post=6718"}],"version-history":[{"count":17,"href":"https:\/\/astrofotografiaycafe.com\/en\/wp-json\/wp\/v2\/pages\/6718\/revisions"}],"predecessor-version":[{"id":20700,"href":"https:\/\/astrofotografiaycafe.com\/en\/wp-json\/wp\/v2\/pages\/6718\/revisions\/20700"}],"wp:featuredmedia":[{"embeddable":true,"href":"https:\/\/astrofotografiaycafe.com\/en\/wp-json\/wp\/v2\/media\/6534"}],"wp:attachment":[{"href":"https:\/\/astrofotografiaycafe.com\/en\/wp-json\/wp\/v2\/media?parent=6718"}],"curies":[{"name":"wp","href":"https:\/\/api.w.org\/{rel}","templated":true}]}}