{"id":15550,"date":"2025-07-04T16:31:30","date_gmt":"2025-07-04T14:31:30","guid":{"rendered":"https:\/\/astrofotografiaycafe.com\/?post_type=product&#038;p=15550"},"modified":"2025-07-13T08:09:03","modified_gmt":"2025-07-13T06:09:03","slug":"edicion-post-procesado","status":"publish","type":"product","link":"https:\/\/astrofotografiaycafe.com\/en\/tienda\/edicion-post-procesado\/","title":{"rendered":"Edici\u00f3n &#8211; Post procesado"},"content":{"rendered":"<p><strong>Edici\u00f3n en Lightroom y RawTherapee:<\/strong><br \/>\n&#8211; Importaci\u00f3n correcta y creaci\u00f3n de catalogo.<br \/>\n&#8211; Organizaci\u00f3n de archivos y optimizaci\u00f3n.<br \/>\n&#8211; Ajustes importantes para manejar correctamente el modulo biblioteca.<br \/>\n&#8211; Creando una buena base mediante ajustes b\u00e1sicos que aplican para<br \/>\nla gran mayor\u00eda de im\u00e1genes.<br \/>\n&#8211; Color en fotograf\u00eda.<br \/>\n&#8211; M\u00e1scaras y filtros.<br \/>\n&#8211; Exportaci\u00f3n, diferencias entre pantalla, papel y resoluciones.<\/p>\n\n    <div class=\"xs_social_share_widget xs_share_url after_content \t\tmain_content  wslu-style-1 wslu-share-box-shaped wslu-fill-colored wslu-none wslu-share-horizontal wslu-theme-font-no wslu-main_content\">\n\n\t\t\n        <ul>\n\t\t\t        <\/ul>\n    <\/div>","protected":false},"excerpt":{"rendered":"<p>Edici\u00f3n en Lightroom y RawTherapee: &#8211; Importaci\u00f3n correcta y creaci\u00f3n de catalogo. &#8211; Organizaci\u00f3n de archivos y optimizaci\u00f3n. &#8211; Ajustes importantes para manejar correctamente el modulo biblioteca. &#8211; Creando una buena base mediante ajustes b\u00e1sicos que aplican para la gran mayor\u00eda de im\u00e1genes. &#8211; Color en fotograf\u00eda. &#8211; M\u00e1scaras y filtros. &#8211; Exportaci\u00f3n, diferencias entre [&hellip;]<\/p>","protected":false},"featured_media":15478,"comment_status":"open","ping_status":"closed","template":"","meta":{"_seopress_robots_primary_cat":"","_seopress_titles_title":"","_seopress_titles_desc":"","_seopress_robots_index":"","_monsterinsights_skip_tracking":false,"_monsterinsights_sitenote_active":false,"_monsterinsights_sitenote_note":"","_monsterinsights_sitenote_category":0},"product_brand":[],"product_cat":[128],"product_tag":[134],"class_list":{"0":"post-15550","1":"product","2":"type-product","3":"status-publish","4":"has-post-thumbnail","6":"product_cat-cursos","7":"product_tag-cursos","9":"first","10":"instock","11":"virtual","12":"purchasable","13":"product-type-simple"},"_links":{"self":[{"href":"https:\/\/astrofotografiaycafe.com\/en\/wp-json\/wp\/v2\/product\/15550","targetHints":{"allow":["GET"]}}],"collection":[{"href":"https:\/\/astrofotografiaycafe.com\/en\/wp-json\/wp\/v2\/product"}],"about":[{"href":"https:\/\/astrofotografiaycafe.com\/en\/wp-json\/wp\/v2\/types\/product"}],"replies":[{"embeddable":true,"href":"https:\/\/astrofotografiaycafe.com\/en\/wp-json\/wp\/v2\/comments?post=15550"}],"wp:featuredmedia":[{"embeddable":true,"href":"https:\/\/astrofotografiaycafe.com\/en\/wp-json\/wp\/v2\/media\/15478"}],"wp:attachment":[{"href":"https:\/\/astrofotografiaycafe.com\/en\/wp-json\/wp\/v2\/media?parent=15550"}],"wp:term":[{"taxonomy":"product_brand","embeddable":true,"href":"https:\/\/astrofotografiaycafe.com\/en\/wp-json\/wp\/v2\/product_brand?post=15550"},{"taxonomy":"product_cat","embeddable":true,"href":"https:\/\/astrofotografiaycafe.com\/en\/wp-json\/wp\/v2\/product_cat?post=15550"},{"taxonomy":"product_tag","embeddable":true,"href":"https:\/\/astrofotografiaycafe.com\/en\/wp-json\/wp\/v2\/product_tag?post=15550"}],"curies":[{"name":"wp","href":"https:\/\/api.w.org\/{rel}","templated":true}]}}