{"id":310,"date":"2024-05-17T15:04:23","date_gmt":"2024-05-17T13:04:23","guid":{"rendered":"https:\/\/astrofotografiaycafe.com\/?post_type=product&#038;p=310"},"modified":"2025-02-05T11:30:54","modified_gmt":"2025-02-05T10:30:54","slug":"presets-finca-el-lucero","status":"publish","type":"product","link":"https:\/\/astrofotografiaycafe.com\/en\/tienda\/presets-finca-el-lucero\/","title":{"rendered":"Presets \u00abFinca El Lucero\u00bb"},"content":{"rendered":"<h2>Introducci\u00f3n a los Presets de Lightroom<\/h2>\n<p>Los presets de Lightroom son una herramienta invaluable para fot\u00f3grafos de todos los niveles, especialmente para aquellos que se dedican a la astrofotograf\u00eda. Un preset es esencialmente un conjunto de ajustes predefinidos que se pueden aplicar a una foto con un solo click. Esto no solo ahorra una cantidad significativa de tiempo, sino que tambi\u00e9n facilita la obtenci\u00f3n de resultados consistentes y de alta calidad. En el \u00e1mbito de la astrofotograf\u00eda, donde las condiciones de iluminaci\u00f3n y el ruido pueden ser especialmente desafiantes, los presets permiten realizar ajustes espec\u00edficos de manera eficiente.<\/p>\n<h2>\u00bfPor qu\u00e9 elegir nuestros presets?<\/h2>\n<p>Este pack de presets \u00abFinca El Lucero\u00bb est\u00e1n dise\u00f1ados especialmente para astrofotograf\u00eda. Con ellos, ahorrar\u00e1s horas de edici\u00f3n y podr\u00e1s conseguir resultados espectaculares en muy poco tiempo. Imagina poder <em>resaltar los detalles de las estrellas, realzar los colores de la V\u00eda L\u00e1ctea y darle vida a tus fotos nocturnas con la facilidad de un click<\/em>.<\/p>\n<ul>\n<li><strong>Ahorro de Tiempo<\/strong>: Olv\u00eddate de pasar horas editando tus fotos. Con nuestros presets, solo necesitas un par de clicks para lograr la perfecci\u00f3n.<\/li>\n<li><strong>Resultados Profesionales<\/strong>: Estos presets te ayudar\u00e1n a obtener im\u00e1genes dignas de una galer\u00eda.<\/li>\n<li><strong>F\u00e1cil de Usar<\/strong>: Perfectos tanto para principiantes como para fot\u00f3grafos avanzados. Solo aplica el preset y ajusta seg\u00fan tus necesidades.<\/li>\n<\/ul>\n<h2>Aplicaci\u00f3n de presets<\/h2>\n<div>\n<p>Para importar los presets:<\/p>\n<\/div>\n<ul>\n<li><span style=\"background-color: transparent; color: var( --e-global-color-primary ); text-align: var(--text-align);\">Lo primero que tenemos que hacer es descomprimir los archivos que acabamos de descargar. \u00c9stos tienen una extensi\u00f3n .xmp.<\/span><\/li>\n<li><span style=\"background-color: transparent; color: var( --e-global-color-primary ); text-align: var(--text-align);\">Luego, ya dentro de Lightroom, tenemos dos opciones:\u00a0<\/span><\/li>\n<li><span style=\"background-color: transparent; color: var( --e-global-color-primary ); text-align: var(--text-align);\">Opci\u00f3n 1: vamos a \u00ab<\/span>Archivo\u00bb\/\u00bbImportar perfiles y ajustes preestablecidos de revelado\u00bb. Buscamos los archivos, los seleccionamos y hacemos click en importar.<\/li>\n<li>Opci\u00f3n 2: dentro de Lightroom, en el modulo \u00abRevelar\u00bb, a la izquierda, en Ajustes Preestablecidos hacemos click en el + y le damos a Importar ajustes preestablecidos.<\/li>\n<li>Buscamos los archivos, los seleccionamos y ponemos \u00abimportar\u00bb.<\/li>\n<\/ul>\n<div><\/div>\n<div>\n<div>Para importar los ajustes de los filtros, dentro de Lightroom vamos a:<\/div>\n<div><\/div>\n<div>\n<ul>\n<li>Editar\/Preferencias\/Ajustes Preestablecidos.<\/li>\n<li>Hacer click en \u00abMostrar el resto de ajustes preestablecidos\u00bb.<\/li>\n<li>Dentro de la carpeta que se nos abre, entramos a la que ya est\u00e1 seleccionada, \u00abLightroom\u00bb y de ah\u00ed, vamos a \u00abLocal Adjustment Presets\u00bb.<\/li>\n<li>Una vez dentro de esta carpeta, pegamos los 4 pre ajustes de filtros. \u00c9stos tienen una extensi\u00f3n .lrtemplate.<\/li>\n<\/ul>\n<h2><a href=\"https:\/\/www.youtube.com\/watch?v=NAaDHPYEPC4&amp;t=17s\">Ver video instructivo&gt;&gt;&gt;<\/a><\/h2>\n<\/div>\n<\/div>\n<p>&nbsp;<\/p>\n\n    <div class=\"xs_social_share_widget xs_share_url after_content \t\tmain_content  wslu-style-1 wslu-share-box-shaped wslu-fill-colored wslu-none wslu-share-horizontal wslu-theme-font-no wslu-main_content\">\n\n\t\t\n        <ul>\n\t\t\t        <\/ul>\n    <\/div>","protected":false},"excerpt":{"rendered":"<p>20 presets, divididos en 3 para el balance de blancos, 1 para los perfiles de lentes y reducci\u00f3n de ruido, 6 de color, 6 de reducci\u00f3n de ruido y 4 para filtros.<\/p>","protected":false},"featured_media":336,"comment_status":"closed","ping_status":"closed","template":"","meta":{"_seopress_robots_primary_cat":"none","_seopress_titles_title":"","_seopress_titles_desc":"","_seopress_robots_index":"","_monsterinsights_skip_tracking":false,"_monsterinsights_sitenote_active":false,"_monsterinsights_sitenote_note":"","_monsterinsights_sitenote_category":0},"product_brand":[],"product_cat":[25],"product_tag":[111],"class_list":{"0":"post-310","1":"product","2":"type-product","3":"status-publish","4":"has-post-thumbnail","6":"product_cat-presets","7":"product_tag-astrofotografia","9":"first","10":"instock","11":"sale","12":"downloadable","13":"virtual","14":"sold-individually","15":"taxable","16":"purchasable","17":"product-type-simple"},"_links":{"self":[{"href":"https:\/\/astrofotografiaycafe.com\/en\/wp-json\/wp\/v2\/product\/310","targetHints":{"allow":["GET"]}}],"collection":[{"href":"https:\/\/astrofotografiaycafe.com\/en\/wp-json\/wp\/v2\/product"}],"about":[{"href":"https:\/\/astrofotografiaycafe.com\/en\/wp-json\/wp\/v2\/types\/product"}],"replies":[{"embeddable":true,"href":"https:\/\/astrofotografiaycafe.com\/en\/wp-json\/wp\/v2\/comments?post=310"}],"wp:featuredmedia":[{"embeddable":true,"href":"https:\/\/astrofotografiaycafe.com\/en\/wp-json\/wp\/v2\/media\/336"}],"wp:attachment":[{"href":"https:\/\/astrofotografiaycafe.com\/en\/wp-json\/wp\/v2\/media?parent=310"}],"wp:term":[{"taxonomy":"product_brand","embeddable":true,"href":"https:\/\/astrofotografiaycafe.com\/en\/wp-json\/wp\/v2\/product_brand?post=310"},{"taxonomy":"product_cat","embeddable":true,"href":"https:\/\/astrofotografiaycafe.com\/en\/wp-json\/wp\/v2\/product_cat?post=310"},{"taxonomy":"product_tag","embeddable":true,"href":"https:\/\/astrofotografiaycafe.com\/en\/wp-json\/wp\/v2\/product_tag?post=310"}],"curies":[{"name":"wp","href":"https:\/\/api.w.org\/{rel}","templated":true}]}}