{"id":3138,"date":"2024-07-26T14:45:34","date_gmt":"2024-07-26T12:45:34","guid":{"rendered":"https:\/\/astrofotografiaycafe.com\/producto\/camiseta-suenos-clasica-unisex-colores-claros\/"},"modified":"2024-08-10T13:32:25","modified_gmt":"2024-08-10T11:32:25","slug":"camiseta-suenos-clasica-unisex-colores-claros","status":"publish","type":"product","link":"https:\/\/astrofotografiaycafe.com\/en\/tienda\/camiseta-suenos-clasica-unisex-colores-claros\/","title":{"rendered":"Camiseta \u00abSue\u00f1os\u00bb cl\u00e1sica unisex colores claros"},"content":{"rendered":"<p>Los productos se realizan por pedido.<\/p>\n<p>La camiseta cl\u00e1sica unisex 100% algod\u00f3n te ayuda a conseguir una imagen m\u00e1s estructurada. Queda muy bien, mantiene las l\u00edneas rectas en los bordes y queda genial con outfits por capas. Adem\u00e1s, \u00a1ahora est\u00e1 muy de moda! <\/p>\n<p>\u2022 100% algod\u00f3n<br \/>\n\u2022 El tono Sport Grey es 90% algod\u00f3n y 10% poli\u00e9ster<br \/>\n\u2022 El tono Ash Grey es 99% algod\u00f3n y 1% poli\u00e9ster<br \/>\n\u2022 Los tonos Heather son 50% algod\u00f3n y 50% poli\u00e9ster<br \/>\n\u2022 Peso del tejido: 170\u2013180 g\/m\u00b2 (5.0\u20135.3 oz\/yd\u00b2) <br \/>\n\u2022 Tejido tubular<br \/>\n\u2022 Cuello y hombros con reborde<br \/>\n\u2022 Doble costura en mangas y dobladillo inferior<br \/>\n\u2022 Producto base procedente de Honduras, Nicaragua, Hait\u00ed, Rep\u00fablica Dominicana, Banglad\u00e9s, M\u00e9xico<\/p>\n\n    <div class=\"xs_social_share_widget xs_share_url after_content \t\tmain_content  wslu-style-1 wslu-share-box-shaped wslu-fill-colored wslu-none wslu-share-horizontal wslu-theme-font-no wslu-main_content\">\n\n\t\t\n        <ul>\n\t\t\t        <\/ul>\n    <\/div>","protected":false},"excerpt":{"rendered":"<p>Los productos se realizan por pedido. La camiseta cl\u00e1sica unisex 100% algod\u00f3n te ayuda a conseguir una imagen m\u00e1s estructurada. Queda muy bien, mantiene las l\u00edneas rectas en los bordes y queda genial con outfits por capas. Adem\u00e1s, \u00a1ahora est\u00e1 muy de moda! \u2022 100% algod\u00f3n \u2022 El tono Sport Grey es 90% algod\u00f3n y [&hellip;]<\/p>","protected":false},"featured_media":3191,"comment_status":"open","ping_status":"closed","template":"","meta":{"_seopress_robots_primary_cat":"","_seopress_titles_title":"","_seopress_titles_desc":"","_seopress_robots_index":"","_monsterinsights_skip_tracking":false,"_monsterinsights_sitenote_active":false,"_monsterinsights_sitenote_note":"","_monsterinsights_sitenote_category":0},"product_brand":[],"product_cat":[39,126],"product_tag":[108],"class_list":{"0":"post-3138","1":"product","2":"type-product","3":"status-publish","4":"has-post-thumbnail","6":"product_cat-camisetas","7":"product_cat-unisex","8":"product_tag-astronomia","10":"first","11":"instock","12":"taxable","13":"shipping-taxable","14":"purchasable","15":"product-type-variable"},"_links":{"self":[{"href":"https:\/\/astrofotografiaycafe.com\/en\/wp-json\/wp\/v2\/product\/3138","targetHints":{"allow":["GET"]}}],"collection":[{"href":"https:\/\/astrofotografiaycafe.com\/en\/wp-json\/wp\/v2\/product"}],"about":[{"href":"https:\/\/astrofotografiaycafe.com\/en\/wp-json\/wp\/v2\/types\/product"}],"replies":[{"embeddable":true,"href":"https:\/\/astrofotografiaycafe.com\/en\/wp-json\/wp\/v2\/comments?post=3138"}],"wp:featuredmedia":[{"embeddable":true,"href":"https:\/\/astrofotografiaycafe.com\/en\/wp-json\/wp\/v2\/media\/3191"}],"wp:attachment":[{"href":"https:\/\/astrofotografiaycafe.com\/en\/wp-json\/wp\/v2\/media?parent=3138"}],"wp:term":[{"taxonomy":"product_brand","embeddable":true,"href":"https:\/\/astrofotografiaycafe.com\/en\/wp-json\/wp\/v2\/product_brand?post=3138"},{"taxonomy":"product_cat","embeddable":true,"href":"https:\/\/astrofotografiaycafe.com\/en\/wp-json\/wp\/v2\/product_cat?post=3138"},{"taxonomy":"product_tag","embeddable":true,"href":"https:\/\/astrofotografiaycafe.com\/en\/wp-json\/wp\/v2\/product_tag?post=3138"}],"curies":[{"name":"wp","href":"https:\/\/api.w.org\/{rel}","templated":true}]}}