{"id":3525,"date":"2024-07-26T17:07:47","date_gmt":"2024-07-26T15:07:47","guid":{"rendered":"https:\/\/astrofotografiaycafe.com\/producto\/sudadera-astrofotografo-unisex\/"},"modified":"2024-08-10T13:32:05","modified_gmt":"2024-08-10T11:32:05","slug":"sudadera-astrofotografo-unisex","status":"publish","type":"product","link":"https:\/\/astrofotografiaycafe.com\/en\/tienda\/sudadera-astrofotografo-unisex\/","title":{"rendered":"Sudadera \u00abAstrofot\u00f3grafo\u00bb unisex"},"content":{"rendered":"<p>Sudadera gruesa y de abrigo que te mantendr\u00e1 caliente en los meses m\u00e1s fr\u00edos. Ha sido preencogida, tiene un corte cl\u00e1sico y sus fibras han sido hiladas por chorro de aire para conseguir darle un tacto suave.<\/p>\n<p>\u2022 50% algod\u00f3n, 50% poli\u00e9ster<br \/>\n\u2022 Tejido preencogido<br \/>\n\u2022 Ajuste cl\u00e1sico<br \/>\n\u2022 Tejido suave con fibras hiladas por chorro de aire<br \/>\n\u2022 Cuello deportivo de spandex con acanalado 1&#215;1<br \/>\n\u2022 Costuras de doble puntada en cuello, hombros, sisas, pu\u00f1os y cinturilla<\/p>\n\n    <div class=\"xs_social_share_widget xs_share_url after_content \t\tmain_content  wslu-style-1 wslu-share-box-shaped wslu-fill-colored wslu-none wslu-share-horizontal wslu-theme-font-no wslu-main_content\">\n\n\t\t\n        <ul>\n\t\t\t        <\/ul>\n    <\/div>","protected":false},"excerpt":{"rendered":"<p>Sudadera gruesa y de abrigo que te mantendr\u00e1 caliente en los meses m\u00e1s fr\u00edos. Ha sido preencogida, tiene un corte cl\u00e1sico y sus fibras han sido hiladas por chorro de aire para conseguir darle un tacto suave. \u2022 50% algod\u00f3n, 50% poli\u00e9ster \u2022 Tejido preencogido \u2022 Ajuste cl\u00e1sico \u2022 Tejido suave con fibras hiladas por [&hellip;]<\/p>","protected":false},"featured_media":3577,"comment_status":"open","ping_status":"closed","template":"","meta":{"_seopress_robots_primary_cat":"","_seopress_titles_title":"","_seopress_titles_desc":"","_seopress_robots_index":"","_monsterinsights_skip_tracking":false,"_monsterinsights_sitenote_active":false,"_monsterinsights_sitenote_note":"","_monsterinsights_sitenote_category":0},"product_brand":[],"product_cat":[49],"product_tag":[111],"class_list":{"0":"post-3525","1":"product","2":"type-product","3":"status-publish","4":"has-post-thumbnail","6":"product_cat-sudaderas","7":"product_tag-astrofotografia","9":"first","10":"instock","11":"taxable","12":"shipping-taxable","13":"purchasable","14":"product-type-variable"},"_links":{"self":[{"href":"https:\/\/astrofotografiaycafe.com\/en\/wp-json\/wp\/v2\/product\/3525","targetHints":{"allow":["GET"]}}],"collection":[{"href":"https:\/\/astrofotografiaycafe.com\/en\/wp-json\/wp\/v2\/product"}],"about":[{"href":"https:\/\/astrofotografiaycafe.com\/en\/wp-json\/wp\/v2\/types\/product"}],"replies":[{"embeddable":true,"href":"https:\/\/astrofotografiaycafe.com\/en\/wp-json\/wp\/v2\/comments?post=3525"}],"wp:featuredmedia":[{"embeddable":true,"href":"https:\/\/astrofotografiaycafe.com\/en\/wp-json\/wp\/v2\/media\/3577"}],"wp:attachment":[{"href":"https:\/\/astrofotografiaycafe.com\/en\/wp-json\/wp\/v2\/media?parent=3525"}],"wp:term":[{"taxonomy":"product_brand","embeddable":true,"href":"https:\/\/astrofotografiaycafe.com\/en\/wp-json\/wp\/v2\/product_brand?post=3525"},{"taxonomy":"product_cat","embeddable":true,"href":"https:\/\/astrofotografiaycafe.com\/en\/wp-json\/wp\/v2\/product_cat?post=3525"},{"taxonomy":"product_tag","embeddable":true,"href":"https:\/\/astrofotografiaycafe.com\/en\/wp-json\/wp\/v2\/product_tag?post=3525"}],"curies":[{"name":"wp","href":"https:\/\/api.w.org\/{rel}","templated":true}]}}