{"id":4378,"date":"2024-08-05T16:01:12","date_gmt":"2024-08-05T14:01:12","guid":{"rendered":"https:\/\/astrofotografiaycafe.com\/producto\/termo-kepler-con-asa\/"},"modified":"2024-08-10T13:30:14","modified_gmt":"2024-08-10T11:30:14","slug":"termo-kepler-con-asa","status":"publish","type":"product","link":"https:\/\/astrofotografiaycafe.com\/en\/tienda\/termo-kepler-con-asa\/","title":{"rendered":"Termo \u00abKepler\u00bb con asa"},"content":{"rendered":"<p>Disfruta de tus bebidas favoritas con estilo y comodidad. Gracias a este termo con un pr\u00e1ctico dise\u00f1o y acabados duraderos, te encantar\u00e1 llevar contigo este termo dondequiera que vayas. Cabe en la mayor\u00eda de soportes para vasos de coches y tiene una tapa de pl\u00e1stico a prueba de derrames. Para ir al trabajo o de aventuras: este termo mantendr\u00e1 tu bebida a salvo y a la temperatura adecuada.<\/p>\n<p>\u2022 Hecho de acero inoxidable y pl\u00e1stico sin BPA  <br \/>\n\u2022 Capacidad: 739 ml (25 oz)<br \/>\n\u2022 Altura: 20 cm (7,9\u2033)<br \/>\n\u2022 Di\u00e1metro superior: 8,4 cm (3,3&#8243;)<br \/>\n\u2022 Di\u00e1metro inferior: 7 cm (2,7&#8243;)<br \/>\n\u2022 Apto solo para lavado a mano<\/p>\n<p>\u00a1Atenci\u00f3n! Para evitar la acumulaci\u00f3n de presi\u00f3n de vapor, abre siempre la tapa antes de colocarla sobre una bebida caliente.<\/p>\n\n    <div class=\"xs_social_share_widget xs_share_url after_content \t\tmain_content  wslu-style-1 wslu-share-box-shaped wslu-fill-colored wslu-none wslu-share-horizontal wslu-theme-font-no wslu-main_content\">\n\n\t\t\n        <ul>\n\t\t\t        <\/ul>\n    <\/div>","protected":false},"excerpt":{"rendered":"<p>Disfruta de tus bebidas favoritas con estilo y comodidad. Gracias a este termo con un pr\u00e1ctico dise\u00f1o y acabados duraderos, te encantar\u00e1 llevar contigo este termo dondequiera que vayas. Cabe en la mayor\u00eda de soportes para vasos de coches y tiene una tapa de pl\u00e1stico a prueba de derrames. Para ir al trabajo o de [&hellip;]<\/p>","protected":false},"featured_media":4381,"comment_status":"open","ping_status":"closed","template":"","meta":{"_seopress_robots_primary_cat":"","_seopress_titles_title":"","_seopress_titles_desc":"","_seopress_robots_index":"","_monsterinsights_skip_tracking":false,"_monsterinsights_sitenote_active":false,"_monsterinsights_sitenote_note":"","_monsterinsights_sitenote_category":0},"product_brand":[],"product_cat":[50,51],"product_tag":[110],"class_list":{"0":"post-4378","1":"product","2":"type-product","3":"status-publish","4":"has-post-thumbnail","6":"product_cat-tazas","7":"product_cat-vasos","8":"product_tag-cientificos","10":"first","11":"instock","12":"taxable","13":"shipping-taxable","14":"purchasable","15":"product-type-simple"},"_links":{"self":[{"href":"https:\/\/astrofotografiaycafe.com\/en\/wp-json\/wp\/v2\/product\/4378","targetHints":{"allow":["GET"]}}],"collection":[{"href":"https:\/\/astrofotografiaycafe.com\/en\/wp-json\/wp\/v2\/product"}],"about":[{"href":"https:\/\/astrofotografiaycafe.com\/en\/wp-json\/wp\/v2\/types\/product"}],"replies":[{"embeddable":true,"href":"https:\/\/astrofotografiaycafe.com\/en\/wp-json\/wp\/v2\/comments?post=4378"}],"wp:featuredmedia":[{"embeddable":true,"href":"https:\/\/astrofotografiaycafe.com\/en\/wp-json\/wp\/v2\/media\/4381"}],"wp:attachment":[{"href":"https:\/\/astrofotografiaycafe.com\/en\/wp-json\/wp\/v2\/media?parent=4378"}],"wp:term":[{"taxonomy":"product_brand","embeddable":true,"href":"https:\/\/astrofotografiaycafe.com\/en\/wp-json\/wp\/v2\/product_brand?post=4378"},{"taxonomy":"product_cat","embeddable":true,"href":"https:\/\/astrofotografiaycafe.com\/en\/wp-json\/wp\/v2\/product_cat?post=4378"},{"taxonomy":"product_tag","embeddable":true,"href":"https:\/\/astrofotografiaycafe.com\/en\/wp-json\/wp\/v2\/product_tag?post=4378"}],"curies":[{"name":"wp","href":"https:\/\/api.w.org\/{rel}","templated":true}]}}