{"id":4965,"date":"2024-08-05T17:16:44","date_gmt":"2024-08-05T15:16:44","guid":{"rendered":"https:\/\/astrofotografiaycafe.com\/producto\/vaso-de-plastico-sirius-transparente\/"},"modified":"2024-08-10T13:28:46","modified_gmt":"2024-08-10T11:28:46","slug":"vaso-de-plastico-sirius-transparente","status":"publish","type":"product","link":"https:\/\/astrofotografiaycafe.com\/en\/tienda\/vaso-de-plastico-sirius-transparente\/","title":{"rendered":"Vaso de pl\u00e1stico \u00abSirius\u00bb transparente"},"content":{"rendered":"<p>Disfruta de tus bebidas fr\u00edas favoritas con este vaso t\u00e9rmico y reutilizable. Ideal para refrescarte en cualquier momento, adem\u00e1s incluye tapa y pajita para que pueda acompa\u00f1arte en tus desplazamientos. \u00a1Evita los pl\u00e1sticos de un solo uso y p\u00e1sate al lado de los vasos reutilizables! Sobre todo, si lo puedes hacer con estilo y con este dise\u00f1o.<\/p>\n<p>\u2022 Material: pl\u00e1stico acr\u00edlico transparente<br \/>\n\u2022 Capacidad: 590 ml (16 oz)<br \/>\n\u2022 Altura: 16 cm (6,3\u2033)<br \/>\n\u2022 Di\u00e1metro de la tapa: 10 cm (3,9\u2033)<br \/>\n\u2022 Di\u00e1metro inferior: 6,7 cm (2,6\u2033)<br \/>\n\u2022 Aislamiento de doble pared<br \/>\n\u2022 Incluye una pajita de pl\u00e1stico y una tapa de rosca<br \/>\n\u2022 Producto base procedente de China<\/p>\n<p>Aviso: No apto para lavavajillas ni microondas. Lavar a mano solamente.<\/p>\n\n    <div class=\"xs_social_share_widget xs_share_url after_content \t\tmain_content  wslu-style-1 wslu-share-box-shaped wslu-fill-colored wslu-none wslu-share-horizontal wslu-theme-font-no wslu-main_content\">\n\n\t\t\n        <ul>\n\t\t\t        <\/ul>\n    <\/div>","protected":false},"excerpt":{"rendered":"<p>Disfruta de tus bebidas fr\u00edas favoritas con este vaso t\u00e9rmico y reutilizable. Ideal para refrescarte en cualquier momento, adem\u00e1s incluye tapa y pajita para que pueda acompa\u00f1arte en tus desplazamientos. \u00a1Evita los pl\u00e1sticos de un solo uso y p\u00e1sate al lado de los vasos reutilizables! Sobre todo, si lo puedes hacer con estilo y con [&hellip;]<\/p>","protected":false},"featured_media":4966,"comment_status":"open","ping_status":"closed","template":"","meta":{"_seopress_robots_primary_cat":"","_seopress_titles_title":"","_seopress_titles_desc":"","_seopress_robots_index":"","_monsterinsights_skip_tracking":false,"_monsterinsights_sitenote_active":false,"_monsterinsights_sitenote_note":"","_monsterinsights_sitenote_category":0},"product_brand":[],"product_cat":[51],"product_tag":[108],"class_list":{"0":"post-4965","1":"product","2":"type-product","3":"status-publish","4":"has-post-thumbnail","6":"product_cat-vasos","7":"product_tag-astronomia","9":"first","10":"instock","11":"taxable","12":"shipping-taxable","13":"purchasable","14":"product-type-simple"},"_links":{"self":[{"href":"https:\/\/astrofotografiaycafe.com\/en\/wp-json\/wp\/v2\/product\/4965","targetHints":{"allow":["GET"]}}],"collection":[{"href":"https:\/\/astrofotografiaycafe.com\/en\/wp-json\/wp\/v2\/product"}],"about":[{"href":"https:\/\/astrofotografiaycafe.com\/en\/wp-json\/wp\/v2\/types\/product"}],"replies":[{"embeddable":true,"href":"https:\/\/astrofotografiaycafe.com\/en\/wp-json\/wp\/v2\/comments?post=4965"}],"wp:featuredmedia":[{"embeddable":true,"href":"https:\/\/astrofotografiaycafe.com\/en\/wp-json\/wp\/v2\/media\/4966"}],"wp:attachment":[{"href":"https:\/\/astrofotografiaycafe.com\/en\/wp-json\/wp\/v2\/media?parent=4965"}],"wp:term":[{"taxonomy":"product_brand","embeddable":true,"href":"https:\/\/astrofotografiaycafe.com\/en\/wp-json\/wp\/v2\/product_brand?post=4965"},{"taxonomy":"product_cat","embeddable":true,"href":"https:\/\/astrofotografiaycafe.com\/en\/wp-json\/wp\/v2\/product_cat?post=4965"},{"taxonomy":"product_tag","embeddable":true,"href":"https:\/\/astrofotografiaycafe.com\/en\/wp-json\/wp\/v2\/product_tag?post=4965"}],"curies":[{"name":"wp","href":"https:\/\/api.w.org\/{rel}","templated":true}]}}