{"id":5544,"date":"2024-08-05T18:45:43","date_gmt":"2024-08-05T16:45:43","guid":{"rendered":"https:\/\/astrofotografiaycafe.com\/producto\/camiseta-kepler-suelta-mujer\/"},"modified":"2024-08-10T13:27:53","modified_gmt":"2024-08-10T11:27:53","slug":"camiseta-kepler-suelta-mujer","status":"publish","type":"product","link":"https:\/\/astrofotografiaycafe.com\/en\/tienda\/camiseta-kepler-suelta-mujer\/","title":{"rendered":"Camiseta \u00abKepler\u00bb suelta mujer"},"content":{"rendered":"<p>Esta podr\u00eda ser la camiseta m\u00e1s suave y c\u00f3moda que puedas encontrar. Combina su ajuste relajado y su tacto sedoso con unos vaqueros para crear el look casual perfecto, o p\u00f3ntela con una chaqueta blazer y pantalones de vestir para ir a trabajar.<\/p>\n<p>\u2022 100% algod\u00f3n peinado e hilado en anillos<br \/>\n \u2022 Los tonos Heather Prism Lilac y Heather Prism Natural est\u00e1n hechos con un 99% de algod\u00f3n peinado e hilado en anillos y 1% poli\u00e9ster<br \/>\n\u2022 El tono Athletic Heather tiene un 90% de algod\u00f3n peinado e hilado en anillos y un 10% de poli\u00e9ster<br \/>\n\u2022 Otros tonos Heather tienen un 52% de algod\u00f3n peinado e hilado en anillos y un 48% de poli\u00e9ster<br \/>\n\u2022 Peso del tejido: 4.2 oz\/y\u00b2 (142 g\/m\u00b2)<br \/>\n\u2022 Tela prelavada<br \/>\n\u2022 Cuello redondo<br \/>\n\u2022 Ajuste holgado<br \/>\n\u2022 Costuras laterales<br \/>\n\u2022 Producto base procedente de Nicaragua, Honduras o EEUU<\/p>\n\n    <div class=\"xs_social_share_widget xs_share_url after_content \t\tmain_content  wslu-style-1 wslu-share-box-shaped wslu-fill-colored wslu-none wslu-share-horizontal wslu-theme-font-no wslu-main_content\">\n\n\t\t\n        <ul>\n\t\t\t        <\/ul>\n    <\/div>","protected":false},"excerpt":{"rendered":"<p>Esta podr\u00eda ser la camiseta m\u00e1s suave y c\u00f3moda que puedas encontrar. Combina su ajuste relajado y su tacto sedoso con unos vaqueros para crear el look casual perfecto, o p\u00f3ntela con una chaqueta blazer y pantalones de vestir para ir a trabajar. \u2022 100% algod\u00f3n peinado e hilado en anillos \u2022 Los tonos Heather [&hellip;]<\/p>","protected":false},"featured_media":5607,"comment_status":"open","ping_status":"closed","template":"","meta":{"_seopress_robots_primary_cat":"","_seopress_titles_title":"","_seopress_titles_desc":"","_seopress_robots_index":"","_monsterinsights_skip_tracking":false,"_monsterinsights_sitenote_active":false,"_monsterinsights_sitenote_note":"","_monsterinsights_sitenote_category":0},"product_brand":[],"product_cat":[39,125],"product_tag":[110],"class_list":{"0":"post-5544","1":"product","2":"type-product","3":"status-publish","4":"has-post-thumbnail","6":"product_cat-camisetas","7":"product_cat-mujer","8":"product_tag-cientificos","10":"first","11":"instock","12":"taxable","13":"shipping-taxable","14":"purchasable","15":"product-type-variable"},"_links":{"self":[{"href":"https:\/\/astrofotografiaycafe.com\/en\/wp-json\/wp\/v2\/product\/5544","targetHints":{"allow":["GET"]}}],"collection":[{"href":"https:\/\/astrofotografiaycafe.com\/en\/wp-json\/wp\/v2\/product"}],"about":[{"href":"https:\/\/astrofotografiaycafe.com\/en\/wp-json\/wp\/v2\/types\/product"}],"replies":[{"embeddable":true,"href":"https:\/\/astrofotografiaycafe.com\/en\/wp-json\/wp\/v2\/comments?post=5544"}],"wp:featuredmedia":[{"embeddable":true,"href":"https:\/\/astrofotografiaycafe.com\/en\/wp-json\/wp\/v2\/media\/5607"}],"wp:attachment":[{"href":"https:\/\/astrofotografiaycafe.com\/en\/wp-json\/wp\/v2\/media?parent=5544"}],"wp:term":[{"taxonomy":"product_brand","embeddable":true,"href":"https:\/\/astrofotografiaycafe.com\/en\/wp-json\/wp\/v2\/product_brand?post=5544"},{"taxonomy":"product_cat","embeddable":true,"href":"https:\/\/astrofotografiaycafe.com\/en\/wp-json\/wp\/v2\/product_cat?post=5544"},{"taxonomy":"product_tag","embeddable":true,"href":"https:\/\/astrofotografiaycafe.com\/en\/wp-json\/wp\/v2\/product_tag?post=5544"}],"curies":[{"name":"wp","href":"https:\/\/api.w.org\/{rel}","templated":true}]}}