{"id":5792,"date":"2024-08-10T10:36:02","date_gmt":"2024-08-10T08:36:02","guid":{"rendered":"https:\/\/astrofotografiaycafe.com\/producto\/taza-aroma-blanca-brillante\/"},"modified":"2024-08-10T13:27:38","modified_gmt":"2024-08-10T11:27:38","slug":"taza-aroma-blanca-brillante","status":"publish","type":"product","link":"https:\/\/astrofotografiaycafe.com\/en\/tienda\/taza-aroma-blanca-brillante\/","title":{"rendered":"Taza \u00abAroma\u00bb blanca brillante"},"content":{"rendered":"<p>Tanto si est\u00e1s tomando tu primer caf\u00e9 del d\u00eda o el quinto, esta taza es la ideal para ti. Es robusta y brillante con un dibujo v\u00edvido que resistir\u00e1 al microondas y al lavavajillas.<\/p>\n<p>\u2022 Cer\u00e1mica<br \/>\n\u2022 Dimensiones de la taza de 11 oz: Altura de 9,6 cm (3,8\u2033), di\u00e1metro de 8,2 cm (3,2\u2033)<br \/>\n\u2022 Dimensiones de la taza de 15 oz: Altura de 11,9 cm (4,7\u2033), di\u00e1metro de 8,5 cm (3,3\u2033)<br \/>\n\u2022 Dimensiones de la taza de 20 oz: Altura de 10,9 cm (4,3\u2033), di\u00e1metro de 9,3 cm (3,7\u2033)<br \/>\n\u2022 Apta para su uso en lavavajillas y microondas<br \/>\n\u2022 Producto base procedente de China<\/p>\n\n    <div class=\"xs_social_share_widget xs_share_url after_content \t\tmain_content  wslu-style-1 wslu-share-box-shaped wslu-fill-colored wslu-none wslu-share-horizontal wslu-theme-font-no wslu-main_content\">\n\n\t\t\n        <ul>\n\t\t\t        <\/ul>\n    <\/div>","protected":false},"excerpt":{"rendered":"<p>Tanto si est\u00e1s tomando tu primer caf\u00e9 del d\u00eda o el quinto, esta taza es la ideal para ti. Es robusta y brillante con un dibujo v\u00edvido que resistir\u00e1 al microondas y al lavavajillas. \u2022 Cer\u00e1mica \u2022 Dimensiones de la taza de 11 oz: Altura de 9,6 cm (3,8\u2033), di\u00e1metro de 8,2 cm (3,2\u2033) \u2022 [&hellip;]<\/p>","protected":false},"featured_media":5796,"comment_status":"open","ping_status":"closed","template":"","meta":{"_seopress_robots_primary_cat":"","_seopress_titles_title":"","_seopress_titles_desc":"","_seopress_robots_index":"","_monsterinsights_skip_tracking":false,"_monsterinsights_sitenote_active":false,"_monsterinsights_sitenote_note":"","_monsterinsights_sitenote_category":0},"product_brand":[],"product_cat":[50],"product_tag":[109],"class_list":{"0":"post-5792","1":"product","2":"type-product","3":"status-publish","4":"has-post-thumbnail","6":"product_cat-tazas","7":"product_tag-cafe","9":"first","10":"instock","11":"taxable","12":"shipping-taxable","13":"purchasable","14":"product-type-variable"},"_links":{"self":[{"href":"https:\/\/astrofotografiaycafe.com\/en\/wp-json\/wp\/v2\/product\/5792","targetHints":{"allow":["GET"]}}],"collection":[{"href":"https:\/\/astrofotografiaycafe.com\/en\/wp-json\/wp\/v2\/product"}],"about":[{"href":"https:\/\/astrofotografiaycafe.com\/en\/wp-json\/wp\/v2\/types\/product"}],"replies":[{"embeddable":true,"href":"https:\/\/astrofotografiaycafe.com\/en\/wp-json\/wp\/v2\/comments?post=5792"}],"wp:featuredmedia":[{"embeddable":true,"href":"https:\/\/astrofotografiaycafe.com\/en\/wp-json\/wp\/v2\/media\/5796"}],"wp:attachment":[{"href":"https:\/\/astrofotografiaycafe.com\/en\/wp-json\/wp\/v2\/media?parent=5792"}],"wp:term":[{"taxonomy":"product_brand","embeddable":true,"href":"https:\/\/astrofotografiaycafe.com\/en\/wp-json\/wp\/v2\/product_brand?post=5792"},{"taxonomy":"product_cat","embeddable":true,"href":"https:\/\/astrofotografiaycafe.com\/en\/wp-json\/wp\/v2\/product_cat?post=5792"},{"taxonomy":"product_tag","embeddable":true,"href":"https:\/\/astrofotografiaycafe.com\/en\/wp-json\/wp\/v2\/product_tag?post=5792"}],"curies":[{"name":"wp","href":"https:\/\/api.w.org\/{rel}","templated":true}]}}