{"id":6463,"date":"2024-08-17T21:34:54","date_gmt":"2024-08-17T19:34:54","guid":{"rendered":"https:\/\/astrofotografiaycafe.com\/producto\/sudadera-adventure-con-capucha-unisex\/"},"modified":"2024-08-17T21:35:26","modified_gmt":"2024-08-17T19:35:26","slug":"sudadera-adventure-con-capucha-unisex","status":"publish","type":"product","link":"https:\/\/astrofotografiaycafe.com\/en\/tienda\/sudadera-adventure-con-capucha-unisex\/","title":{"rendered":"Sudadera \u00abAdventure\u00bb con capucha unisex"},"content":{"rendered":"<p>Todo el mundo necesita una sudadera c\u00f3moda con la que abrigarse y estar a la moda en el d\u00eda a d\u00eda. Y si adem\u00e1s es suave, c\u00e1lida y elegante como esta, mejor que mejor. \u00a1Ideal tambi\u00e9n para las noches m\u00e1s frescas!<\/p>\n<p>\u2022 50% algod\u00f3n preencogido y 50% poli\u00e9ster<br \/>\n\u2022 Peso del tejido: 271,25 g\/m\u00b2 (8 oz\/yd\u00b2)<br \/>\n\u2022 Fibras hiladas por chorro de aire para reducir la formaci\u00f3n de bolas<br \/>\n\u2022 Capucha de doble forro con cord\u00f3n de ajuste a juego<br \/>\n\u2022 Cuerpo con un cuarto de vuelta para evitar arrugas en el centro<br \/>\n\u2022 Pu\u00f1os deportivos acanalados 1&#215;1 y cinturilla de spandex<br \/>\n\u2022 Bolsillo frontal tipo canguro<br \/>\n\u2022 Cuello, hombros, brazos, sisas, pu\u00f1os y dobladillo con un doble pespunte<br \/>\n\u2022 Producto base procedente de Banglad\u00e9s, Nicaragua, Honduras o El Salvador<\/p>\n\n    <div class=\"xs_social_share_widget xs_share_url after_content \t\tmain_content  wslu-style-1 wslu-share-box-shaped wslu-fill-colored wslu-none wslu-share-horizontal wslu-theme-font-no wslu-main_content\">\n\n\t\t\n        <ul>\n\t\t\t        <\/ul>\n    <\/div>","protected":false},"excerpt":{"rendered":"<p>Todo el mundo necesita una sudadera c\u00f3moda con la que abrigarse y estar a la moda en el d\u00eda a d\u00eda. Y si adem\u00e1s es suave, c\u00e1lida y elegante como esta, mejor que mejor. \u00a1Ideal tambi\u00e9n para las noches m\u00e1s frescas! \u2022 50% algod\u00f3n preencogido y 50% poli\u00e9ster \u2022 Peso del tejido: 271,25 g\/m\u00b2 (8 [&hellip;]<\/p>","protected":false},"featured_media":6500,"comment_status":"open","ping_status":"closed","template":"","meta":{"_seopress_robots_primary_cat":"","_seopress_titles_title":"","_seopress_titles_desc":"","_seopress_robots_index":"","_monsterinsights_skip_tracking":false,"_monsterinsights_sitenote_active":false,"_monsterinsights_sitenote_note":"","_monsterinsights_sitenote_category":0},"product_brand":[],"product_cat":[49],"product_tag":[],"class_list":{"0":"post-6463","1":"product","2":"type-product","3":"status-publish","4":"has-post-thumbnail","6":"product_cat-sudaderas","8":"first","9":"instock","10":"taxable","11":"shipping-taxable","12":"purchasable","13":"product-type-variable"},"_links":{"self":[{"href":"https:\/\/astrofotografiaycafe.com\/en\/wp-json\/wp\/v2\/product\/6463","targetHints":{"allow":["GET"]}}],"collection":[{"href":"https:\/\/astrofotografiaycafe.com\/en\/wp-json\/wp\/v2\/product"}],"about":[{"href":"https:\/\/astrofotografiaycafe.com\/en\/wp-json\/wp\/v2\/types\/product"}],"replies":[{"embeddable":true,"href":"https:\/\/astrofotografiaycafe.com\/en\/wp-json\/wp\/v2\/comments?post=6463"}],"wp:featuredmedia":[{"embeddable":true,"href":"https:\/\/astrofotografiaycafe.com\/en\/wp-json\/wp\/v2\/media\/6500"}],"wp:attachment":[{"href":"https:\/\/astrofotografiaycafe.com\/en\/wp-json\/wp\/v2\/media?parent=6463"}],"wp:term":[{"taxonomy":"product_brand","embeddable":true,"href":"https:\/\/astrofotografiaycafe.com\/en\/wp-json\/wp\/v2\/product_brand?post=6463"},{"taxonomy":"product_cat","embeddable":true,"href":"https:\/\/astrofotografiaycafe.com\/en\/wp-json\/wp\/v2\/product_cat?post=6463"},{"taxonomy":"product_tag","embeddable":true,"href":"https:\/\/astrofotografiaycafe.com\/en\/wp-json\/wp\/v2\/product_tag?post=6463"}],"curies":[{"name":"wp","href":"https:\/\/api.w.org\/{rel}","templated":true}]}}