{"id":6614,"date":"2024-10-29T13:20:41","date_gmt":"2024-10-29T12:20:41","guid":{"rendered":"https:\/\/astrofotografiaycafe.com\/?post_type=product&#038;p=6614"},"modified":"2025-10-19T09:01:24","modified_gmt":"2025-10-19T07:01:24","slug":"ingreso-a-la-formacion","status":"publish","type":"product","link":"https:\/\/astrofotografiaycafe.com\/en\/tienda\/ingreso-a-la-formacion\/","title":{"rendered":"Ingreso a la formaci\u00f3n VIP"},"content":{"rendered":"<p>1 &#8211; Historia: Lo que realmente importa y sirve.<br \/>\n&#8211; Un recorrido por los puntos m\u00e1s importantes del inicio de la fotograf\u00eda.<br \/>\n&#8211; C\u00f3mo los pioneros iniciaron y avanzaron sobre algo que hoy damos<br \/>\npor sentado.<br \/>\n&#8211; \u00bfPor qu\u00e9 es importante conocer estos puntos y c\u00f3mo nos van a ser<br \/>\nde utilidad?<\/p>\n<p>2 &#8211; Teor\u00eda real SUPER R\u00c1PIDA.<br \/>\n&#8211; Entendiendo los par\u00e1metros b\u00e1sicos de fotograf\u00eda y todo lo que tenemos que tener en cuenta para realizar astro, incluyendo equipos.<\/p>\n<p>3 &#8211; C\u00e1maras y accesorios:<br \/>\n&#8211; Tipos de c\u00e1maras.<br \/>\n&#8211; Modos de una c\u00e1mara y su funcionamiento.<br \/>\n&#8211; Sensores. \u00bfQu\u00e9 son y como afectan a nuestras fotos?<br \/>\n&#8211; Diferencias entre sensores y como afectan a nuestros objetivos.<br \/>\nLentes:<br \/>\n&#8211; \u00bfQu\u00e9 son y c\u00f3mo afectan a nuestras fotos?<br \/>\n&#8211; \u00bfC\u00f3mo leer uno?<br \/>\n&#8211; Diferencias entre diferentes tipos y c\u00f3mo interact\u00faan con nuestra<br \/>\nc\u00e1maras.<br \/>\nAccesorios:<br \/>\n&#8211; \u00bfQu\u00e9 necesitamos m\u00ednimamente para realizar astro?<br \/>\n&#8211; Tr\u00edpodes, linternas e interval\u00f3metros.<br \/>\n&#8211; Vistazo general a las aplicaciones m\u00e1s \u00fatiles para astrofotograf\u00eda.<\/p>\n<p>4 &#8211; La importancia del 3: Apertura, velocidad e ISO.<br \/>\n&#8211; \u00bfC\u00f3mo cambia el funcionamiento de los 3 par\u00e1metros fotogr\u00e1ficos<br \/>\ncuando los aplicamos para fotograf\u00eda nocturna?<br \/>\n&#8211; Detalles sobre el balance que debemos encontrar para tener \u00f3ptimos<br \/>\nresultados.<br \/>\nEncontrando el balance para el ISO: Invariabilidad de ISO.<br \/>\n&#8211; Detalles cruciales para diferenciar sensibilidad de ganancia.<br \/>\n&#8211; \u00bfC\u00f3mo funciona el ISO en condiciones extremas?<br \/>\n&#8211; \u00bfEs importante utilizar un ISO bajo para tener poco ruido o es necesario usar un ISO alto para dicho fin?<br \/>\n&#8211; Comparaci\u00f3n de ajustes en diferentes ocasiones con ejemplos pr\u00e1cticos de c\u00f3mo un par\u00e1metro afecta al otro y c\u00f3mo nos puede beneficiar para astro.<\/p>\n<p>5 &#8211; Planificaci\u00f3n y Equipamiento:<br \/>\nOrganizaci\u00f3n de la salida:<br \/>\n&#8211; \u00bfD\u00f3nde ir? \u00bfPodemos realizar astro en ciudad?<br \/>\n&#8211; \u00bfC\u00f3mo seleccionar un lugar id\u00f3neo en base a la contaminaci\u00f3n lum\u00ednica?<br \/>\n&#8211; Temperatura, nubosidad, pron\u00f3sticos y condiciones atmosf\u00e9ricas.<br \/>\n&#8211; Uso de aplicaciones para entender el terreno al que vamos.<br \/>\n&#8211; \u00bfQu\u00e9 debemos tener en cuenta si salimos solos?<br \/>\n&#8211; Vestimenta en base a los lugares a los que vamos.<br \/>\n&#8211; La importancia de las listas al momento de planear.<br \/>\n&#8211; \u00bfC\u00f3mo organizar el espacio de nuestra mochila al salir?<br \/>\n&#8211; \u00bfQu\u00e9 alimentos debemos considerar si pasamos la noche in situ?<br \/>\n&#8211; Consideraciones generales al momento de acampar y c\u00f3mo manejarnos de noche.<br \/>\n&#8211; Tr\u00edpodes: \u00bfQu\u00e9 considerar al momento de cambiar o comprar por<br \/>\nprimera vez?<br \/>\n&#8211; Accesorios que nos pueden facilitar el trabajo.<br \/>\n&#8211; Esenciales para pasar la noche seguros.<br \/>\n&#8211; Linternas, recomendaciones y diferencias.<\/p>\n<p>6 &#8211; Pr\u00e1ctica real:<br \/>\nAplicando toda la teor\u00eda en campo.<br \/>\n&#8211; \u00bfC\u00f3mo enfocamos de noche?<br \/>\n&#8211; \u00bfQu\u00e9 m\u00e9todos podemos utilizar para enfocar si nuestra c\u00e1mara no<br \/>\ntiene asistencias?<br \/>\n&#8211; Diferencias visuales entre fotos enfocadas y desenfocadas.<br \/>\n&#8211; C\u00f3mo diferenciar entre colores y aberraciones.<br \/>\n&#8211; En qu\u00e9 parte del cuadro enfocamos si queremos conseguir absoluta<br \/>\nprecisi\u00f3n en el enfoque.<br \/>\n&#8211; Una vez que enfocamos, \u00bfQu\u00e9 ajustes debemos respetar siempre<br \/>\npara tener suficiente se\u00f1al en nuestras fotos?<br \/>\n&#8211; \u00bfEs lo mismo tener buena se\u00f1al a tener buen rango din\u00e1mico, por<br \/>\nejemplo, en las sombras?<br \/>\n&#8211; \u00bfPor qu\u00e9 las famosas reglas de 400, 500 o 600 NO SON verdaderamente \u00fatiles si buscamos precisi\u00f3n?<br \/>\n&#8211; EXTRA: Test de aberraciones para lentes.<\/p>\n<p>7 &#8211; Edici\u00f3n en Lightroom:<br \/>\n&#8211; Importaci\u00f3n correcta y creaci\u00f3n de catalogo.<br \/>\n&#8211; Organizaci\u00f3n de archivos y optimizaci\u00f3n.<br \/>\n&#8211; Ajustes importantes para manejar correctamente el modulo biblioteca.<br \/>\n&#8211; Creando una buena base mediante ajustes b\u00e1sicos que aplican para<br \/>\nla gran mayor\u00eda de im\u00e1genes.<br \/>\n&#8211; Color en fotograf\u00eda.<br \/>\n&#8211; M\u00e1scaras y filtros.<br \/>\n&#8211; Exportaci\u00f3n, diferencias entre pantalla, papel y resoluciones.<\/p>\n<p>MODULOS EXTRAS COMPLEMENTARIOS:<br \/>\n&#8211; Astronom\u00eda: introducci\u00f3n al funcionamiento de la b\u00f3veda celeste,<br \/>\norientaci\u00f3n y posicionamiento.<br \/>\n&#8211; Apilados: c\u00f3mo realizarlos buscando detalle y reducci\u00f3n de ruido.<br \/>\n&#8211; Panoramas: un acercamiento coherente a la realizaci\u00f3n de astro<br \/>\npanoramas, con y sin accesorios.<br \/>\n&#8211; Timelapses: como planearlos, realizarlos y editarlos.<br \/>\n&#8211; Astrofotograf\u00eda y Caf\u00e9: Introducci\u00f3n al caf\u00e9 de especialidad.<br \/>\nVariedades, consejos al comprar, mantenimiento, conservaci\u00f3n y<br \/>\nm\u00e9todos de preparaci\u00f3n.<br \/>\n&#8211; \u00bfQu\u00e9 m\u00e9todo es recomendable para preparar un caf\u00e9 en monta\u00f1a?<\/p>\n<p>Adem\u00e1s la formaci\u00f3n cuenta con 5 CLASES DE CONSULTA ONLINE.<\/p>\n\n    <div class=\"xs_social_share_widget xs_share_url after_content \t\tmain_content  wslu-style-1 wslu-share-box-shaped wslu-fill-colored wslu-none wslu-share-horizontal wslu-theme-font-no wslu-main_content\">\n\n\t\t\n        <ul>\n\t\t\t        <\/ul>\n    <\/div>","protected":false},"excerpt":{"rendered":"<p>1 &#8211; Historia: Lo que realmente importa y sirve. &#8211; Un recorrido por los puntos m\u00e1s importantes del inicio de la fotograf\u00eda. &#8211; C\u00f3mo los pioneros iniciaron y avanzaron sobre algo que hoy damos por sentado. &#8211; \u00bfPor qu\u00e9 es importante conocer estos puntos y c\u00f3mo nos van a ser de utilidad? 2 &#8211; Teor\u00eda [&hellip;]<\/p>","protected":false},"featured_media":6617,"comment_status":"closed","ping_status":"closed","template":"","meta":{"_seopress_robots_primary_cat":"none","_seopress_titles_title":"","_seopress_titles_desc":"","_seopress_robots_index":"","_monsterinsights_skip_tracking":false,"_monsterinsights_sitenote_active":false,"_monsterinsights_sitenote_note":"","_monsterinsights_sitenote_category":0},"product_brand":[],"product_cat":[128],"product_tag":[134],"class_list":{"0":"post-6614","1":"product","2":"type-product","3":"status-publish","4":"has-post-thumbnail","6":"product_cat-cursos","7":"product_tag-cursos","9":"first","10":"instock","11":"sale","12":"virtual","13":"purchasable","14":"product-type-simple"},"_links":{"self":[{"href":"https:\/\/astrofotografiaycafe.com\/en\/wp-json\/wp\/v2\/product\/6614","targetHints":{"allow":["GET"]}}],"collection":[{"href":"https:\/\/astrofotografiaycafe.com\/en\/wp-json\/wp\/v2\/product"}],"about":[{"href":"https:\/\/astrofotografiaycafe.com\/en\/wp-json\/wp\/v2\/types\/product"}],"replies":[{"embeddable":true,"href":"https:\/\/astrofotografiaycafe.com\/en\/wp-json\/wp\/v2\/comments?post=6614"}],"wp:featuredmedia":[{"embeddable":true,"href":"https:\/\/astrofotografiaycafe.com\/en\/wp-json\/wp\/v2\/media\/6617"}],"wp:attachment":[{"href":"https:\/\/astrofotografiaycafe.com\/en\/wp-json\/wp\/v2\/media?parent=6614"}],"wp:term":[{"taxonomy":"product_brand","embeddable":true,"href":"https:\/\/astrofotografiaycafe.com\/en\/wp-json\/wp\/v2\/product_brand?post=6614"},{"taxonomy":"product_cat","embeddable":true,"href":"https:\/\/astrofotografiaycafe.com\/en\/wp-json\/wp\/v2\/product_cat?post=6614"},{"taxonomy":"product_tag","embeddable":true,"href":"https:\/\/astrofotografiaycafe.com\/en\/wp-json\/wp\/v2\/product_tag?post=6614"}],"curies":[{"name":"wp","href":"https:\/\/api.w.org\/{rel}","templated":true}]}}